{"id":89,"date":"2025-07-17T03:17:32","date_gmt":"2025-07-17T03:17:32","guid":{"rendered":"https:\/\/triorousso.com\/?page_id=89"},"modified":"2025-08-03T04:13:47","modified_gmt":"2025-08-03T04:13:47","slug":"demos","status":"publish","type":"page","link":"https:\/\/triorousso.com\/?page_id=89","title":{"rendered":"D\u00e9mos"},"content":{"rendered":"\n<figure class=\"wp-block-embed is-type-video is-provider-youtube wp-block-embed-youtube wp-embed-aspect-16-9 wp-has-aspect-ratio\"><div class=\"wp-block-embed__wrapper\">\n<iframe loading=\"lazy\" title=\"Trio Rousso - Footprints\" width=\"1778\" height=\"1000\" src=\"https:\/\/www.youtube.com\/embed\/xswsEWd6cJs?feature=oembed\" frameborder=\"0\" allow=\"accelerometer; autoplay; clipboard-write; encrypted-media; gyroscope; picture-in-picture; web-share\" referrerpolicy=\"strict-origin-when-cross-origin\" allowfullscreen><\/iframe>\n<\/div><\/figure>\n\n\n\n<div class=\"wp-block-group\"><div class=\"wp-block-group__inner-container is-layout-constrained wp-block-group-is-layout-constrained\">\n<div class=\"wp-block-group\"><div class=\"wp-block-group__inner-container is-layout-constrained wp-block-group-is-layout-constrained\">\n<div class=\"wp-block-group\"><div class=\"wp-block-group__inner-container is-layout-constrained wp-block-group-is-layout-constrained\">\n<figure class=\"wp-block-audio\"><audio controls src=\"https:\/\/triorousso.com\/wp-content\/uploads\/2025\/08\/Fly-me-to-the-Moon-F.-Sinatra.mp3\"><\/audio><\/figure>\n\n\n\n<figure class=\"wp-block-audio\"><audio controls src=\"https:\/\/triorousso.com\/wp-content\/uploads\/2025\/08\/Happy-Pharrell-Williams.mp3\"><\/audio><\/figure>\n\n\n\n<figure class=\"wp-block-audio\"><audio controls src=\"https:\/\/triorousso.com\/wp-content\/uploads\/2025\/08\/A-Thousand-Years-Christina-Perri.mp3\"><\/audio><\/figure>\n<\/div><\/div>\n<\/div><\/div>\n<\/div><\/div>\n\n\n\t\t<div class=\"wp-block-jetpack-instagram-gallery wp-block-jetpack-instagram-gallery__grid wp-block-jetpack-instagram-gallery__grid-columns-3 is-stacked-on-mobile\" style=\"grid-gap: 10px; --latest-instagram-posts-spacing: 10px;\">\n\t\t\t\t\t<a\n\t\t\t\tclass=\"wp-block-jetpack-instagram-gallery__grid-post\"\n\t\t\t\thref=\"https:\/\/www.instagram.com\/reel\/DV_YSuikROX\/\"\n\t\t\t\trel=\"noopener noreferrer\"\n\t\t\t\ttarget=\"_blank\"\n\t\t\t>\n\t\t\t\t<img\n\t\t\t\t\talt=\"T\u00e9moignage en direct\u2026 Un autre client satisfait? \"\n\t\t\t\t\tsrc=\"https:\/\/scontent-iad6-1.cdninstagram.com\/v\/t51.71878-15\/653528954_1637415763925939_5571963457919476020_n.jpg?stp=dst-jpg_e35_tt6&#038;_nc_cat=107&#038;ccb=7-5&#038;_nc_sid=18de74&#038;efg=eyJlZmdfdGFnIjoiQ0xJUFMuYmVzdF9pbWFnZV91cmxnZW4uQzMifQ%3D%3D&#038;_nc_ohc=WGifUbEGspYQ7kNvwEHiw7Q&#038;_nc_oc=Adra9aiXWF6WyieiOURJItRvfHV48TmyJp73r2yIpmkVkSZBFKCOaHybrIO_2SzwAOQ&#038;_nc_zt=23&#038;_nc_ht=scontent-iad6-1.cdninstagram.com&#038;edm=ANo9K5cEAAAA&#038;_nc_gid=aIgHeWsvM3FGdMzrYo4_CQ&#038;_nc_tpa=Q5bMBQGPL6CnwoSwj7RkXw8D02xYc_QtEy8XLXI2Zhqqn6YUyMlaRFzM3n6Y0QQQlmSts66AttxXr75w3Q&#038;oh=00_Af56zHnnt3Edb1yNkVsoybfBlCeP-bonSetHISyEVrUBhA&#038;oe=6A0CC0FD\"\n\t\t\t\t\tloading=\"lazy\"\n\t\t\t\t\/>\n\t\t\t<\/a>\n\t\t\t\t\t<a\n\t\t\t\tclass=\"wp-block-jetpack-instagram-gallery__grid-post\"\n\t\t\t\thref=\"https:\/\/www.instagram.com\/reel\/DVZfrfLkXW-\/\"\n\t\t\t\trel=\"noopener noreferrer\"\n\t\t\t\ttarget=\"_blank\"\n\t\t\t>\n\t\t\t\t<img\n\t\t\t\t\talt=\"When it grooves. You know it\u2019s @pierrealexandremaranda and @roussomusique .\"\n\t\t\t\t\tsrc=\"https:\/\/scontent-iad3-1.cdninstagram.com\/v\/t51.71878-15\/640458159_1387530786481190_7676651642149275824_n.jpg?stp=dst-jpg_e35_tt6&#038;_nc_cat=101&#038;ccb=7-5&#038;_nc_sid=18de74&#038;efg=eyJlZmdfdGFnIjoiQ0xJUFMuYmVzdF9pbWFnZV91cmxnZW4uQzMifQ%3D%3D&#038;_nc_ohc=6v9myA3GcIoQ7kNvwG9e0gY&#038;_nc_oc=Adq6Q_sOYS7e6y55DmEImjY7z42ghQS92odlUsdQas_N7XCPgG-EAG2ZvJ41grOUMdE&#038;_nc_zt=23&#038;_nc_ht=scontent-iad3-1.cdninstagram.com&#038;edm=ANo9K5cEAAAA&#038;_nc_gid=aIgHeWsvM3FGdMzrYo4_CQ&#038;_nc_tpa=Q5bMBQEKxoGTmlQsjMxXV049eTqGjd0V9UXSeHxdR6zql1TYcJpP6aYlQ7CATwYPejsL5-XFoSh1FTajJg&#038;oh=00_Af6rePv60yBGMkqZaASSBdatLx1aQ4fFQXK-k5E5gNrkkA&#038;oe=6A0CB200\"\n\t\t\t\t\tloading=\"lazy\"\n\t\t\t\t\/>\n\t\t\t<\/a>\n\t\t\t\t\t<a\n\t\t\t\tclass=\"wp-block-jetpack-instagram-gallery__grid-post\"\n\t\t\t\thref=\"https:\/\/www.instagram.com\/reel\/DU0gm9DEaBU\/\"\n\t\t\t\trel=\"noopener noreferrer\"\n\t\t\t\ttarget=\"_blank\"\n\t\t\t>\n\t\t\t\t<img\n\t\t\t\t\talt=\"Was love in the air for you this weekend? \"\n\t\t\t\t\tsrc=\"https:\/\/scontent-iad6-1.cdninstagram.com\/v\/t51.71878-15\/629654461_913372518059984_7479213407508091430_n.jpg?stp=dst-jpg_e35_tt6&#038;_nc_cat=102&#038;ccb=7-5&#038;_nc_sid=18de74&#038;efg=eyJlZmdfdGFnIjoiQ0xJUFMuYmVzdF9pbWFnZV91cmxnZW4uQzMifQ%3D%3D&#038;_nc_ohc=fk-9v1lzl5IQ7kNvwHG_oWL&#038;_nc_oc=AdrWx5QZzTRJdBSVohrdUiM2EKnMs4nJ79pImTO7Z2HKLYD-qVx-4KIG_pYRdLXsvZY&#038;_nc_zt=23&#038;_nc_ht=scontent-iad6-1.cdninstagram.com&#038;edm=ANo9K5cEAAAA&#038;_nc_gid=aIgHeWsvM3FGdMzrYo4_CQ&#038;_nc_tpa=Q5bMBQEdH4hcABO6xl56xoWUGkfHZpF1iJVqFoaKyVGoQ9vR6Lur4VqcQk3PEL4oiXKGLWyXoF_uRo7Aew&#038;oh=00_Af6n6_WQNZpjZUN61xZXSVmQmI1jJEo79qzI334kU8bHpg&#038;oe=6A0CC7C7\"\n\t\t\t\t\tloading=\"lazy\"\n\t\t\t\t\/>\n\t\t\t<\/a>\n\t\t\t\t\t<a\n\t\t\t\tclass=\"wp-block-jetpack-instagram-gallery__grid-post\"\n\t\t\t\thref=\"https:\/\/www.instagram.com\/p\/DNl4As6x1aw\/\"\n\t\t\t\trel=\"noopener noreferrer\"\n\t\t\t\ttarget=\"_blank\"\n\t\t\t>\n\t\t\t\t<img\n\t\t\t\t\talt=\"https:\/\/www.instagram.com\/p\/DNl4As6x1aw\/\"\n\t\t\t\t\tsrc=\"https:\/\/scontent-iad6-1.cdninstagram.com\/v\/t51.82787-15\/536548581_18522733840048729_5450686712517403096_n.jpg?stp=dst-jpg_e35_tt6&#038;_nc_cat=100&#038;ccb=7-5&#038;_nc_sid=18de74&#038;efg=eyJlZmdfdGFnIjoiQ0FST1VTRUxfSVRFTS5iZXN0X2ltYWdlX3VybGdlbi5DMyJ9&#038;_nc_ohc=qpxU6D57hJEQ7kNvwH8i18c&#038;_nc_oc=AdqDqlnio5usJ8FIhJ54pcq1YPG3wwyTdPKAlIAxv4BaIs9gJiASBaGsgyM3kre8FAU&#038;_nc_zt=23&#038;_nc_ht=scontent-iad6-1.cdninstagram.com&#038;edm=ANo9K5cEAAAA&#038;_nc_gid=aIgHeWsvM3FGdMzrYo4_CQ&#038;_nc_tpa=Q5bMBQEflR6R9v775XrxjmFamdxhsSD2eVlb16hEdg6UqdUeg78AHg007ps0VR0LGQ3iDfyt0i4xUueshg&#038;oh=00_Af6lz_cYaDWFqCQWeHCWxG-K5ywsr1L8butMP0vHuTowXw&#038;oe=6A0CB792\"\n\t\t\t\t\tloading=\"lazy\"\n\t\t\t\t\/>\n\t\t\t<\/a>\n\t\t\t\t\t<a\n\t\t\t\tclass=\"wp-block-jetpack-instagram-gallery__grid-post\"\n\t\t\t\thref=\"https:\/\/www.instagram.com\/reel\/DMyMcAJxTfE\/\"\n\t\t\t\trel=\"noopener noreferrer\"\n\t\t\t\ttarget=\"_blank\"\n\t\t\t>\n\t\t\t\t<img\n\t\t\t\t\talt=\"\ud83e\udef5Tag someone you know who needs this\u261d\ufe0f at their wedding ceremony \"\n\t\t\t\t\tsrc=\"https:\/\/scontent-iad3-2.cdninstagram.com\/v\/t51.71878-15\/527252106_1722632255045684_9005659034956230263_n.jpg?stp=dst-jpg_e35_tt6&#038;_nc_cat=105&#038;ccb=7-5&#038;_nc_sid=18de74&#038;efg=eyJlZmdfdGFnIjoiQ0xJUFMuYmVzdF9pbWFnZV91cmxnZW4uQzMifQ%3D%3D&#038;_nc_ohc=bOQrBWNs0EMQ7kNvwGN-86S&#038;_nc_oc=Adpw4pCpRpG7pGNoEvLTNEWV0huI_pUNgdzt6fD9y0HzfwwV_GXFOYrN_dMcWM16klI&#038;_nc_zt=23&#038;_nc_ht=scontent-iad3-2.cdninstagram.com&#038;edm=ANo9K5cEAAAA&#038;_nc_gid=aIgHeWsvM3FGdMzrYo4_CQ&#038;_nc_tpa=Q5bMBQEyCjexzu02eYAZyPuwCOGeWfSqDaYVMFkVYmdGW-sY5f1OAHZxCckhKnix35w6bxBMwTVwmWnlkw&#038;oh=00_Af73qcYAnGi6BZ3KqLHJ4j29YcYYdxzyhkP99s7p4MtRpA&#038;oe=6A0CADC2\"\n\t\t\t\t\tloading=\"lazy\"\n\t\t\t\t\/>\n\t\t\t<\/a>\n\t\t\t\t\t<a\n\t\t\t\tclass=\"wp-block-jetpack-instagram-gallery__grid-post\"\n\t\t\t\thref=\"https:\/\/www.instagram.com\/p\/Bp4k-meg1rx\/\"\n\t\t\t\trel=\"noopener noreferrer\"\n\t\t\t\ttarget=\"_blank\"\n\t\t\t>\n\t\t\t\t<img\n\t\t\t\t\talt=\"Depuis pr\u00e8s de 10 ans, le Trio Rousso offre ses services aux mari\u00e9s et aux entreprises de renom pour ajouter une touche d\u2019\u00e9l\u00e9gance et de style au sein des \u00e9v\u00e9nements.\"\n\t\t\t\t\tsrc=\"https:\/\/scontent-iad6-1.cdninstagram.com\/v\/t51.82787-15\/629105444_18360877669201988_5789219133015502381_n.jpg?stp=dst-jpg_e35_tt6&#038;_nc_cat=102&#038;ccb=7-5&#038;_nc_sid=18de74&#038;efg=eyJlZmdfdGFnIjoiRkVFRC5iZXN0X2ltYWdlX3VybGdlbi5DMyJ9&#038;_nc_ohc=Ur9yVKmdNpcQ7kNvwE7P-nV&#038;_nc_oc=AdrxJN1wsVCKh6foaH4ZTfGti0SHCey0g8LhxIRrKoFVak-sf0xmeAxpftB5jHt8kDs&#038;_nc_zt=23&#038;_nc_ht=scontent-iad6-1.cdninstagram.com&#038;edm=ANo9K5cEAAAA&#038;_nc_gid=aIgHeWsvM3FGdMzrYo4_CQ&#038;_nc_tpa=Q5bMBQFS8Mcc2dSmPJwquHGiFsKtJxTBTYx3DbjYwVKKIFDD1ENwFczjjDD5zqCGIXbkpabsBGjYN2HrCw&#038;oh=00_Af71GlSr1XcHLqCXoiMmVYQGSUjE_kPwrFMdjKcBuJSw-g&#038;oe=6A0CA2B6\"\n\t\t\t\t\tloading=\"lazy\"\n\t\t\t\t\/>\n\t\t\t<\/a>\n\t\t\t\t\t<a\n\t\t\t\tclass=\"wp-block-jetpack-instagram-gallery__grid-post\"\n\t\t\t\thref=\"https:\/\/www.instagram.com\/p\/BppLFNVgmdi\/\"\n\t\t\t\trel=\"noopener noreferrer\"\n\t\t\t\ttarget=\"_blank\"\n\t\t\t>\n\t\t\t\t<img\n\t\t\t\t\talt=\"Rappelez-vous, le jour o\u00f9 vous avez rencontr\u00e9 votre douce moiti\u00e9\u2026 \"\n\t\t\t\t\tsrc=\"https:\/\/scontent-iad3-1.cdninstagram.com\/v\/t51.82787-15\/639917559_18562411279049817_2105327539644333487_n.jpg?stp=dst-jpg_e35_tt6&#038;_nc_cat=101&#038;ccb=7-5&#038;_nc_sid=18de74&#038;efg=eyJlZmdfdGFnIjoiRkVFRC5iZXN0X2ltYWdlX3VybGdlbi5DMyJ9&#038;_nc_ohc=XDl8PEq7hRYQ7kNvwGDrSHC&#038;_nc_oc=Adq1PlP1-3XmbsT-IsHJ0Hv-OIfTd0CDaHgTdYKgR9L8U8cqUibGLRf1uUdHUfpeRJw&#038;_nc_zt=23&#038;_nc_ht=scontent-iad3-1.cdninstagram.com&#038;edm=ANo9K5cEAAAA&#038;_nc_gid=aIgHeWsvM3FGdMzrYo4_CQ&#038;_nc_tpa=Q5bMBQFk_YanFdLwBll9oBaK_A09Y5Gd3pCFW4boIW8nPA78oqiQAFw57vcjTr2b62sqb5wxofPrEjvEtg&#038;oh=00_Af62-mhz41KPPFmxVoJEKd5WLuMwu7biCFPL76HmZupyyg&#038;oe=6A0CAE5D\"\n\t\t\t\t\tloading=\"lazy\"\n\t\t\t\t\/>\n\t\t\t<\/a>\n\t\t\t\t\t<a\n\t\t\t\tclass=\"wp-block-jetpack-instagram-gallery__grid-post\"\n\t\t\t\thref=\"https:\/\/www.instagram.com\/p\/p0LuxASeST\/\"\n\t\t\t\trel=\"noopener noreferrer\"\n\t\t\t\ttarget=\"_blank\"\n\t\t\t>\n\t\t\t\t<img\n\t\t\t\t\talt=\"Un autre beau mariage au clib de Golf Rosem\u00e8re !  #jazz #wedding\"\n\t\t\t\t\tsrc=\"https:\/\/scontent-iad3-1.cdninstagram.com\/v\/t51.82787-15\/638289223_18561820405048729_3623565477324903696_n.jpg?stp=dst-jpg_e35_tt6&#038;_nc_cat=101&#038;ccb=7-5&#038;_nc_sid=18de74&#038;efg=eyJlZmdfdGFnIjoiRkVFRC5iZXN0X2ltYWdlX3VybGdlbi5DMyJ9&#038;_nc_ohc=3Oug69EKlmMQ7kNvwGvI0ud&#038;_nc_oc=AdqtNkCkZstxpLfU_1KMzGJ-P0gkBOXERJ8eKtlOFekP3OumQhALD1qKPWYd-siQKM8&#038;_nc_zt=23&#038;_nc_ht=scontent-iad3-1.cdninstagram.com&#038;edm=ANo9K5cEAAAA&#038;_nc_gid=aIgHeWsvM3FGdMzrYo4_CQ&#038;_nc_tpa=Q5bMBQGGPsK1k8EE0EDo5HjyhJhapBpTdst_hgCKEPhCwBFxaWq3Esc_l1Idh1daKfmHKeCPEAZGpdnelw&#038;oh=00_Af6P0U909SqINgELDDAfHfGKXobGYAxs1WxCgM0Q5MjQNQ&#038;oe=6A0CC90C\"\n\t\t\t\t\tloading=\"lazy\"\n\t\t\t\t\/>\n\t\t\t<\/a>\n\t\t\t\t\t<a\n\t\t\t\tclass=\"wp-block-jetpack-instagram-gallery__grid-post\"\n\t\t\t\thref=\"https:\/\/www.instagram.com\/p\/oRe22kSeQS\/\"\n\t\t\t\trel=\"noopener noreferrer\"\n\t\t\t\ttarget=\"_blank\"\n\t\t\t>\n\t\t\t\t<img\n\t\t\t\t\talt=\"Salons priv\u00e9s de la Banque Royale\"\n\t\t\t\t\tsrc=\"https:\/\/scontent-iad3-1.cdninstagram.com\/v\/t51.82787-15\/636683698_18561426169048729_7327489480646769791_n.jpg?stp=dst-jpg_e35_tt6&#038;_nc_cat=104&#038;ccb=7-5&#038;_nc_sid=18de74&#038;efg=eyJlZmdfdGFnIjoiRkVFRC5iZXN0X2ltYWdlX3VybGdlbi5DMyJ9&#038;_nc_ohc=aFLoLaWNvxEQ7kNvwFke77Y&#038;_nc_oc=AdqRgvXah4ABAo-jSPIV823iT8GPD2a5bY6D2W4KVW-1TDlJaH5BtTdbdADg5uGECA8&#038;_nc_zt=23&#038;_nc_ht=scontent-iad3-1.cdninstagram.com&#038;edm=ANo9K5cEAAAA&#038;_nc_gid=aIgHeWsvM3FGdMzrYo4_CQ&#038;_nc_tpa=Q5bMBQGBXZ79DC0xCkM7nRioJes-_NF7gqw8GAfARV1f3DYX2k1qOJNEPk4bjwpWE37FS_1mvC-3cJ0HnQ&#038;oh=00_Af6_oYiVc_v5vOpn9wIyJU_ZRXeMl_RUR_LBh9xfqCq8CQ&#038;oe=6A0C9BD2\"\n\t\t\t\t\tloading=\"lazy\"\n\t\t\t\t\/>\n\t\t\t<\/a>\n\t\t\t<\/div>\n\n\t","protected":false},"excerpt":{"rendered":"","protected":false},"author":1,"featured_media":0,"parent":0,"menu_order":0,"comment_status":"closed","ping_status":"closed","template":"","meta":{"footnotes":""},"class_list":["post-89","page","type-page","status-publish","hentry"],"jetpack_sharing_enabled":true,"_links":{"self":[{"href":"https:\/\/triorousso.com\/index.php?rest_route=\/wp\/v2\/pages\/89","targetHints":{"allow":["GET"]}}],"collection":[{"href":"https:\/\/triorousso.com\/index.php?rest_route=\/wp\/v2\/pages"}],"about":[{"href":"https:\/\/triorousso.com\/index.php?rest_route=\/wp\/v2\/types\/page"}],"author":[{"embeddable":true,"href":"https:\/\/triorousso.com\/index.php?rest_route=\/wp\/v2\/users\/1"}],"replies":[{"embeddable":true,"href":"https:\/\/triorousso.com\/index.php?rest_route=%2Fwp%2Fv2%2Fcomments&post=89"}],"version-history":[{"count":4,"href":"https:\/\/triorousso.com\/index.php?rest_route=\/wp\/v2\/pages\/89\/revisions"}],"predecessor-version":[{"id":121,"href":"https:\/\/triorousso.com\/index.php?rest_route=\/wp\/v2\/pages\/89\/revisions\/121"}],"wp:attachment":[{"href":"https:\/\/triorousso.com\/index.php?rest_route=%2Fwp%2Fv2%2Fmedia&parent=89"}],"curies":[{"name":"wp","href":"https:\/\/api.w.org\/{rel}","templated":true}]}}