{"id":6,"date":"2025-07-16T23:51:47","date_gmt":"2025-07-16T23:51:47","guid":{"rendered":"https:\/\/triorousso.com\/?page_id=6"},"modified":"2026-01-29T21:39:00","modified_gmt":"2026-01-29T21:39:00","slug":"one-page-express","status":"publish","type":"page","link":"https:\/\/triorousso.com\/","title":{"rendered":"Front Page"},"content":{"rendered":"<div  id=\"content-4\" style=\"background-color: #f6f6f6;\" data-label=\"Content\" data-id=\"content-image-right\" data-category=\"content\" class=\"content-right-image-section\"> <div  class=\"gridContainer\"> <div  class=\"content-right-image-gridcol\"> <div  class=\"content-right-image-textcol dynamic-color\" data-type=\"column\"> <h2  class=\"\">Notre sp\u00e9cialit\u00e9<\/h2> <p  class=\"large_text\">Depuis plus de 10 ans, le Trio Rousso offre une touche d\u2019\u00e9l\u00e9gance musicale aux mariages et \u00e9v\u00e9nements importants.<br ><br >Le Trio Rousso est r\u00e9put\u00e9 parce qu\u2019il se d\u00e9marque musicalement dans plusieurs sph\u00e8res de l\u2019\u00e9v\u00e9nementiel. C\u2019est un groupe de musiciens polyvalents et efficaces.<br ><br >Voulez-vous plus de d\u00e9mos? Envoyez-nous un message!&nbsp;<\/p> <a  class=\"button blue\" href=\"https:\/\/triorousso.com?page_id=2\" target=\"_self\"> R\u00e9servations <\/a> <\/div> <div  class=\"content-right-image-imgcol\" data-type=\"column\"> <img  decoding=\"async\" src=\"https:\/\/triorousso.com\/wp-content\/uploads\/2025\/07\/18121144_1477241675683405_7723714820582783756_o.jpg\" class=\"\" alt=\"\"> <\/div> <\/div> <\/div> <\/div><div  id=\"about-1\" style=\"background-color: #f6f6f6;\" data-label=\"About\" data-id=\"about-big-images-section\" data-category=\"about\" class=\"about-big-images-section\"> <div  class=\"gridContainer\"> <div  class=\"about-big-images-textrow\"> <div  class=\"about-big-images-textcol dynamic-color\" data-type=\"column\"> <h5  class=\"\">Demandes sp\u00e9ciales pour la c\u00e9r\u00e9monie<\/h5> <h3  class=\"\">Rappelez-vous,&nbsp;&nbsp;<span  href=\"#\" class=\"span25\">le joue o\u00f9 vous avez rencontr\u00e9 votre douce moiti\u00e9\u2026 Le jour que vous vous \u00eates \u00e9cri\u00e9s : \u00abC\u2019est ma toune!\u00bb&nbsp;<\/span>Nous pouvons jouer cette pi\u00e8ce.&nbsp;<\/h3> <p  class=\"\">Nous avons un vaste r\u00e9pertoire de chansons et de plus, notre formation nous donne la chance d\u2019explorer l\u2019adaptation de pi\u00e8ces avec facilit\u00e9. Nous sommes ouverts \u00e0 toutes suggestions. <\/p> <a  class=\"button blue big\" href=\"https:\/\/triorousso.com?page_id=2\" target=\"_self\">R\u00e9servez maintenant<\/a> <\/div> <\/div> <\/div> <div  class=\"about-big-images-bottomrow\"> <div  class=\"about-big-images-leftimgcol\"><img  decoding=\"async\" class=\"about-big-images-leftimg\" src=\"https:\/\/triorousso.com\/wp-content\/uploads\/2025\/07\/45210326_932980860233830_7106896381989617664_o.jpg\" alt=\"\"> <\/div> <div  class=\"about-big-images-centerimgcol\"><img  decoding=\"async\" class=\"about-big-images-centerimg\" src=\"https:\/\/triorousso.com\/wp-content\/uploads\/2025\/07\/TrioRousso_Teaser_01_v2.2.jpg\" alt=\"\"> <\/div> <div  class=\"about-big-images-rightimgcol\"><img  decoding=\"async\" class=\"about-big-images-rightimg\" src=\"https:\/\/triorousso.com\/wp-content\/uploads\/2025\/07\/Ve\u00a6uronique-Lapalme-374.jpg\" alt=\"\"> <\/div> <\/div> <\/div><div  id=\"testimonials-1\" style=\"background-color: #f6f6f6;\" data-label=\"Testimonials\" data-id=\"testimonials-boxed-section\" data-category=\"testimonials\" class=\"testimonials-boxed-section\"> <div  class=\"gridContainer\"> <div  class=\"testimonials-boxed-textcol dynamic-color\" data-type=\"column\"> <h2  class=\"\">T\u00e9moignages<\/h2>  <\/div> <div  class=\"testimonials-boxed-itemsrow dark-text\" data-type=\"row\"> <div  class=\"testimonials-boxed-itemcol cp6cols-tablet cp4cols\"> <div  class=\"testimonials-boxed-itemcard\" data-type=\"column\"> <h4  class=\"testimonials-boxed-itemtext\">\u201c\u00c0 L\u2019\u00e9t\u00e9 2017, nous nous sommes mari\u00e9s. Nous recommandons sans aucune h\u00e9sitation cette \u00e9quipe de musicien tous plus talentueux les uns que les autres. Ce moment reste maintenant grav\u00e9 dans nos m\u00e9moires.\u201d<br >Junie<br >Aout 2017<\/h4>   <\/div> <\/div> <div  class=\"testimonials-boxed-itemcol cp6cols-tablet cp4cols\"> <div  class=\"testimonials-boxed-itemcard\" data-type=\"column\"> <h4  class=\"testimonials-boxed-itemtext\">\u201cMerci d\u2019avoir fait partie de notre mariage en juillet dernier! Nous avons ador\u00e9 l\u2019ambiance que vous avez instaur\u00e9 d\u00e8s l\u2019arriv\u00e9e de nos invit\u00e9s! Quelle joie que d\u2019avoir de la musique \u2018live\u2019 durant notre c\u00e9r\u00e9monie de mariage, le cocktail ainsi qu\u2019en d\u00e9but de soir\u00e9e! Merci pour votre ponctualit\u00e9 ainsi que votre professionnalisme!\u201d<br >Angelo<br >Juillet 2017<\/h4>   <\/div> <\/div> <div  class=\"testimonials-boxed-itemcol cp6cols-tablet cp4cols\"> <div  class=\"testimonials-boxed-itemcard\" data-type=\"column\"> <h4  class=\"testimonials-boxed-itemtext\">\u201cThey were very professional, punctual and easy to work with! It was a great addition for our wedding and we would use them again!\u201d<br >Claudia<br >Septembre 2017<\/h4>   <\/div> <\/div> <div  class=\"testimonials-boxed-itemcol cp6cols-tablet cp4cols\"> <div  class=\"testimonials-boxed-itemcard\" data-type=\"column\"> <h4  class=\"testimonials-boxed-itemtext\">Leur capacit\u00e9 \u00e0 communiquer et \u00e0 se montrer flexibles a \u00e9t\u00e9 un vrai plus. Ils ont su r\u00e9pondre \u00e0 nos besoins avec aisance et professionnalisme, tout en restant attentifs aux nuances de l\u2019\u00e9v\u00e9nement. Cette approche a contribu\u00e9 \u00e0 cr\u00e9er une atmosph\u00e8re d\u00e9tendue et agr\u00e9able, appr\u00e9ci\u00e9e de tous.\n<br ><br >\n<br >Cathrine &amp; Dustin\n<br ><br >Juin 2024<\/h4>   <\/div> <\/div><div  class=\"testimonials-boxed-itemcol cp6cols-tablet cp4cols\"> <div  class=\"testimonials-boxed-itemcard\" data-type=\"column\"> <h4  class=\"testimonials-boxed-itemtext\">Nous avons retenu les services du Trio Rousso pour notre mariage \u00e0 la fin juin 2025. Quel professionnalisme, quel talent! Nous avons \u00e9t\u00e9 ravis de leur prestation! Nous avons re\u00e7u de tr\u00e8s nombreux commentaires \u00e9logieux de nos invit\u00e9s. Fabuleux!! Je recommande chaudement.\n<br ><br >Emile\n<br ><br >\n<br >Juin 2025<\/h4>   <\/div> <\/div><div  class=\"testimonials-boxed-itemcol cp6cols-tablet cp4cols\"> <div  class=\"testimonials-boxed-itemcard\" data-type=\"column\"> <h4  class=\"testimonials-boxed-itemtext\">Un excellent band pour l\u2019ambiance. Ils sont \u00e0 l\u2019\u00e9coute de vos demandes et m\u00eame les plus farfelues. Ce fut un des points chauds de notre mariage. Beaucoup de nos invit\u00e9s nous en parlent encore. Je recommande sans aucune h\u00e9sitation ce trio.\n<br ><br >\n<br >Patriq<\/h4>   <\/div> <\/div><\/div> <\/div><\/div><div  id=\"content-3\" style=\"background-color: #ffffff;\" data-label=\"Content\" data-id=\"content-image-left\" data-category=\"content\" class=\"content-left-image-section\"> <div  class=\"gridContainer\"> <div  class=\"row\"> <div  class=\"content-left-image-imgcol\" data-type=\"column\"> <img  decoding=\"async\" class=\"custom-image\" src=\"https:\/\/triorousso.com\/wp-content\/uploads\/2025\/07\/TrioRousso_Teaser_04_v2.jpg\" alt=\"\"> <\/div> <div  class=\"content-left-image-textcol dynamic-color\" data-type=\"column\"> <h2  class=\"\">Trio Jazz pour le cocktail<\/h2> <p  class=\"large_text\"> Depuis plus de dix ans, le Trio Rousso offre sa musique dans de multiples contextes. Le groupe est flexible et il sait r\u00e9pondre aux besoins de ses clients. Atmosph\u00e8re jazz, d\u00e9tendue, pop ou classique. <\/p>  <\/div> <\/div> <\/div> <\/div><div  id=\"cta-1\" data-label=\"Call to action\" data-id=\"cta-blue-section\" data-category=\"cta\" class=\"cta-blue-section\"> <div  class=\"gridContainer\"> <div  class=\"flexbox-list flexbox-list-align-center row\"> <div  class=\"cta-blue-textcol dynamic-color\"> <h2  class=\"cta-blue-text\"><b  class=\"element2\">\u00c9crivez-nous. <\/b> C\u2019est seulement une minute.<\/h2> <\/div> <div  class=\"cta-blue-btncol\"> <a  class=\"button big yellow dark-text\" href=\"tel:\" target=\"_self\">info@triorousso.com  <\/a> <\/div> <\/div> <\/div> <\/div>","protected":false},"excerpt":{"rendered":"<p>Notre sp\u00e9cialit\u00e9 Depuis plus de 10 ans, le Trio Rousso offre une touche d\u2019\u00e9l\u00e9gance musicale aux mariages et \u00e9v\u00e9nements importants.Le Trio Rousso est r\u00e9put\u00e9 parce qu\u2019il se d\u00e9marque musicalement dans plusieurs sph\u00e8res de l\u2019\u00e9v\u00e9nementiel. C\u2019est un groupe de musiciens polyvalents et efficaces.Voulez-vous plus de d\u00e9mos? Envoyez-nous un message!&nbsp; R\u00e9servations Demandes sp\u00e9ciales pour la c\u00e9r\u00e9monie Rappelez-vous,&nbsp;&nbsp;le&hellip; <br \/> <a class=\"button small blue\" href=\"https:\/\/triorousso.com\/\">Read more<\/a><\/p>\n","protected":false},"author":1,"featured_media":0,"parent":0,"menu_order":0,"comment_status":"closed","ping_status":"closed","template":"","meta":{"footnotes":""},"class_list":["post-6","page","type-page","status-publish","hentry"],"jetpack_sharing_enabled":true,"_links":{"self":[{"href":"https:\/\/triorousso.com\/index.php?rest_route=\/wp\/v2\/pages\/6","targetHints":{"allow":["GET"]}}],"collection":[{"href":"https:\/\/triorousso.com\/index.php?rest_route=\/wp\/v2\/pages"}],"about":[{"href":"https:\/\/triorousso.com\/index.php?rest_route=\/wp\/v2\/types\/page"}],"author":[{"embeddable":true,"href":"https:\/\/triorousso.com\/index.php?rest_route=\/wp\/v2\/users\/1"}],"replies":[{"embeddable":true,"href":"https:\/\/triorousso.com\/index.php?rest_route=%2Fwp%2Fv2%2Fcomments&post=6"}],"version-history":[{"count":16,"href":"https:\/\/triorousso.com\/index.php?rest_route=\/wp\/v2\/pages\/6\/revisions"}],"predecessor-version":[{"id":135,"href":"https:\/\/triorousso.com\/index.php?rest_route=\/wp\/v2\/pages\/6\/revisions\/135"}],"wp:attachment":[{"href":"https:\/\/triorousso.com\/index.php?rest_route=%2Fwp%2Fv2%2Fmedia&parent=6"}],"curies":[{"name":"wp","href":"https:\/\/api.w.org\/{rel}","templated":true}]}}